{"id":8,"date":"2022-04-21T10:35:26","date_gmt":"2022-04-21T07:35:26","guid":{"rendered":"http:\/\/bimtasks.raikee.website\/?page_id=8"},"modified":"2023-04-18T15:20:04","modified_gmt":"2023-04-18T12:20:04","slug":"bimtasks","status":"publish","type":"page","link":"https:\/\/bimtasks.fi\/","title":{"rendered":"BIMTasks"},"content":{"rendered":"<p>[et_pb_section fb_built=&#8221;1&#8243; admin_label=&#8221;Hero&#8221; _builder_version=&#8221;4.17.1&#8243; use_background_color_gradient=&#8221;on&#8221; background_color_gradient_direction=&#8221;30deg&#8221; background_color_gradient_stops=&#8221;rgba(0,121,191,0.3) 0%|rgba(0,121,191,0.3) 98%&#8221; background_color_gradient_overlays_image=&#8221;on&#8221; background_image=&#8221;https:\/\/bimtasks.raikee.website\/wp-content\/uploads\/2022\/05\/DSC00994-8-1.jpg&#8221; parallax=&#8221;on&#8221; parallax_method=&#8221;off&#8221; height=&#8221;97vh&#8221; height_tablet=&#8221;80vh&#8221; height_phone=&#8221;75vh&#8221; height_last_edited=&#8221;on|phone&#8221; custom_padding=&#8221;8rem|0px|8rem|0px|true|false&#8221; global_colors_info=&#8221;{}&#8221;][et_pb_row _builder_version=&#8221;4.16&#8243; custom_padding=&#8221;|||&#8221; global_colors_info=&#8221;{}&#8221;][et_pb_column type=&#8221;4_4&#8243; _builder_version=&#8221;4.16&#8243; custom_padding=&#8221;||60px|&#8221; global_colors_info=&#8221;{}&#8221; custom_padding__hover=&#8221;|||&#8221;][et_pb_image src=&#8221;http:\/\/bimtasks.raikee.website\/wp-content\/uploads\/2022\/04\/BIMTasks-logosivuttain-valk.png&#8221; title_text=&#8221;BIMTasks-logosivuttain-valk&#8221; align_tablet=&#8221;center&#8221; align_phone=&#8221;center&#8221; align_last_edited=&#8221;on|desktop&#8221; _builder_version=&#8221;4.16&#8243; _module_preset=&#8221;default&#8221; max_height=&#8221;200px&#8221; max_height_tablet=&#8221;150px&#8221; max_height_phone=&#8221;100px&#8221; max_height_last_edited=&#8221;on|phone&#8221; animation_style=&#8221;slide&#8221; animation_direction=&#8221;left&#8221; animation_delay=&#8221;600ms&#8221; animation_intensity_slide=&#8221;1%&#8221; module_alignment_tablet=&#8221;&#8221; module_alignment_phone=&#8221;&#8221; module_alignment_last_edited=&#8221;on|phone&#8221; global_colors_info=&#8221;{}&#8221;][\/et_pb_image][et_pb_text _builder_version=&#8221;4.17.1&#8243; _module_preset=&#8221;default&#8221; header_font=&#8221;|800||on|||||&#8221; header_text_color=&#8221;#FFFFFF&#8221; header_font_size=&#8221;50px&#8221; header_letter_spacing=&#8221;4px&#8221; header_2_font=&#8221;|800||on|||||&#8221; header_2_text_color=&#8221;#FFFFFF&#8221; header_2_font_size=&#8221;60px&#8221; animation_style=&#8221;slide&#8221; animation_direction=&#8221;left&#8221; animation_delay=&#8221;1000ms&#8221; animation_intensity_slide=&#8221;1%&#8221; header_text_align_tablet=&#8221;center&#8221; header_text_align_phone=&#8221;&#8221; header_text_align_last_edited=&#8221;on|desktop&#8221; header_font_size_tablet=&#8221;38px&#8221; header_font_size_phone=&#8221;28px&#8221; header_font_size_last_edited=&#8221;on|phone&#8221; header_2_font_size_tablet=&#8221;&#8221; header_2_font_size_phone=&#8221;&#8221; header_2_font_size_last_edited=&#8221;on|desktop&#8221; global_colors_info=&#8221;{}&#8221;]<\/p>\n<h1>\u201cVirhe&shy;havainnosta<br \/>\ntaltiointiin 15 sekuntia\u201d<\/h1>\n<p>[\/et_pb_text][et_pb_button button_url=&#8221;#yhteystiedot&#8221; button_text=&#8221;Yhteystiedot&#8221; button_alignment=&#8221;left&#8221; button_alignment_tablet=&#8221;center&#8221; button_alignment_phone=&#8221;center&#8221; button_alignment_last_edited=&#8221;on|desktop&#8221; _builder_version=&#8221;4.17.1&#8243; custom_button=&#8221;on&#8221; button_text_size=&#8221;18px&#8221; button_text_color=&#8221;#ffffff&#8221; button_bg_color=&#8221;#0079bf&#8221; button_border_width=&#8221;2px&#8221; button_border_radius=&#8221;100px&#8221; button_letter_spacing=&#8221;1px&#8221; button_font=&#8221;Poppins|600||on|||||&#8221; button_use_icon=&#8221;off&#8221; background_layout=&#8221;dark&#8221; custom_padding=&#8221;15px|30px|15px|30px|true|false&#8221; animation_style=&#8221;slide&#8221; animation_direction=&#8221;left&#8221; animation_delay=&#8221;1400ms&#8221; animation_intensity_slide=&#8221;1%&#8221; box_shadow_style=&#8221;preset3&#8243; box_shadow_vertical=&#8221;8px&#8221; box_shadow_color=&#8221;rgba(0,137,242,0.61)&#8221; button_letter_spacing_hover=&#8221;1px&#8221; global_colors_info=&#8221;{}&#8221; button_text_size__hover_enabled=&#8221;off&#8221; button_one_text_size__hover_enabled=&#8221;off&#8221; button_two_text_size__hover_enabled=&#8221;off&#8221; button_text_color__hover_enabled=&#8221;off&#8221; button_one_text_color__hover_enabled=&#8221;off&#8221; button_two_text_color__hover_enabled=&#8221;off&#8221; button_border_width__hover_enabled=&#8221;off&#8221; button_one_border_width__hover_enabled=&#8221;off&#8221; button_two_border_width__hover_enabled=&#8221;off&#8221; button_border_color__hover_enabled=&#8221;off&#8221; button_one_border_color__hover_enabled=&#8221;off&#8221; button_two_border_color__hover_enabled=&#8221;off&#8221; button_border_radius__hover_enabled=&#8221;off&#8221; button_one_border_radius__hover_enabled=&#8221;off&#8221; button_two_border_radius__hover_enabled=&#8221;off&#8221; button_letter_spacing__hover_enabled=&#8221;on&#8221; button_letter_spacing__hover=&#8221;1px&#8221; button_one_letter_spacing__hover_enabled=&#8221;off&#8221; button_two_letter_spacing__hover_enabled=&#8221;off&#8221; button_bg_color__hover_enabled=&#8221;off&#8221; button_one_bg_color__hover_enabled=&#8221;off&#8221; button_two_bg_color__hover_enabled=&#8221;off&#8221;][\/et_pb_button][\/et_pb_column][\/et_pb_row][\/et_pb_section][et_pb_section fb_built=&#8221;1&#8243; custom_padding_last_edited=&#8221;on|phone&#8221; _builder_version=&#8221;4.16&#8243; _module_preset=&#8221;default&#8221; custom_padding=&#8221;2rem||||false|false&#8221; custom_padding_tablet=&#8221;&#8221; custom_padding_phone=&#8221;1rem||||false|false&#8221; global_colors_info=&#8221;{}&#8221;][et_pb_row column_structure=&#8221;3_5,2_5&#8243; use_custom_gutter=&#8221;on&#8221; gutter_width=&#8221;2&#8243; _builder_version=&#8221;4.16&#8243; _module_preset=&#8221;default&#8221; global_colors_info=&#8221;{}&#8221;][et_pb_column type=&#8221;3_5&#8243; _builder_version=&#8221;4.16&#8243; _module_preset=&#8221;default&#8221; global_colors_info=&#8221;{}&#8221;][et_pb_text content_tablet=&#8221;<\/p>\n<h2>Vaivaton raportointi virheist\u00e4 ja puutteista s\u00e4\u00e4st\u00e4\u00e4 aikaa<\/h2>\n<p>&#8221; content_phone=&#8221;<\/p>\n<h2>Vaivaton raportointi virheist\u00e4 ja puutteista s\u00e4\u00e4st\u00e4\u00e4 aikaa<\/h2>\n<p>&#8221; content_last_edited=&#8221;on|phone&#8221; _builder_version=&#8221;4.16&#8243; _module_preset=&#8221;default&#8221; header_2_font=&#8221;|800||on|||||&#8221; header_2_text_color=&#8221;#0079bf&#8221; header_2_font_size=&#8221;38px&#8221; header_2_letter_spacing=&#8221;4px&#8221; custom_margin=&#8221;||0px||false|false&#8221; header_2_font_size_tablet=&#8221;28px&#8221; header_2_font_size_phone=&#8221;22px&#8221; header_2_font_size_last_edited=&#8221;on|desktop&#8221; global_colors_info=&#8221;{}&#8221;]<\/p>\n<h2>Vaivaton raportointi virheist\u00e4<br \/> ja puutteista s\u00e4\u00e4st\u00e4\u00e4 aikaa<\/h2>\n<p>[\/et_pb_text][et_pb_text _builder_version=&#8221;4.17.1&#8243; _module_preset=&#8221;default&#8221; text_font=&#8221;||||||||&#8221; text_text_color=&#8221;#000000&#8243; header_2_font=&#8221;|800||on|||||&#8221; header_2_text_color=&#8221;#0079bf&#8221; header_2_font_size=&#8221;38px&#8221; header_2_letter_spacing=&#8221;4px&#8221; global_colors_info=&#8221;{}&#8221;]<\/p>\n<p>BIMTasks mahdollistaa virheen paikantamisen ja siit\u00e4 ilmoittamisen nopeasti. Tarkastustilanteessa kaikki mit\u00e4 tarvitset, on BIMTasks, jolla voit merkit\u00e4 havaitut virheet ja puutteet 3D-mallia apuna k\u00e4ytt\u00e4en<\/p>\n<p>BIMTasks on kokeneen rakennusliikkeen kehitt\u00e4m\u00e4 ja j\u00e4rjestelm\u00e4n avulla on pystytty tehostamaan tarkastuksia, havaintojen ilmoittamista, paikantamista ja korjaamista huomattavasti.<\/p>\n<p>[\/et_pb_text][\/et_pb_column][et_pb_column type=&#8221;2_5&#8243; _builder_version=&#8221;4.16&#8243; _module_preset=&#8221;default&#8221; global_colors_info=&#8221;{}&#8221;][et_pb_image src=&#8221;https:\/\/bimtasks.raikee.website\/wp-content\/uploads\/2022\/05\/DSC01026-9.jpg&#8221; title_text=&#8221;DSC01026-9&#8243; show_in_lightbox=&#8221;on&#8221; _builder_version=&#8221;4.17.1&#8243; _module_preset=&#8221;default&#8221; global_colors_info=&#8221;{}&#8221;][\/et_pb_image][\/et_pb_column][\/et_pb_row][et_pb_row column_structure=&#8221;2_5,3_5&#8243; use_custom_gutter=&#8221;on&#8221; gutter_width=&#8221;2&#8243; make_equal=&#8221;on&#8221; _builder_version=&#8221;4.17.1&#8243; _module_preset=&#8221;default&#8221; use_background_color_gradient=&#8221;on&#8221; background_color_gradient_stops=&#8221;#0079bf 0%|#0079bf 100%&#8221; background_color_gradient_start=&#8221;#0079bf&#8221; background_color_gradient_end=&#8221;#0079bf&#8221; custom_padding=&#8221;2rem|2rem|0px|2rem|false|true&#8221; global_colors_info=&#8221;{}&#8221;][et_pb_column type=&#8221;2_5&#8243; _builder_version=&#8221;4.17.1&#8243; _module_preset=&#8221;default&#8221; custom_css_main_element=&#8221;margin: auto auto 0;&#8221; global_colors_info=&#8221;{}&#8221;][et_pb_gallery gallery_ids=&#8221;47,49,50,51,52,48&#8243; fullwidth=&#8221;on&#8221; _builder_version=&#8221;4.16&#8243; _module_preset=&#8221;default&#8221; global_colors_info=&#8221;{}&#8221;][\/et_pb_gallery][\/et_pb_column][et_pb_column type=&#8221;3_5&#8243; _builder_version=&#8221;4.17.1&#8243; _module_preset=&#8221;default&#8221; custom_css_main_element=&#8221;margin: auto auto 0;&#8221; global_colors_info=&#8221;{}&#8221;][et_pb_text _builder_version=&#8221;4.17.1&#8243; _module_preset=&#8221;default&#8221; header_2_font=&#8221;|800||on|||||&#8221; header_2_text_color=&#8221;#FFFFFF&#8221; header_2_font_size=&#8221;38px&#8221; header_2_letter_spacing=&#8221;4px&#8221; custom_margin=&#8221;||0px||false|false&#8221; custom_margin_tablet=&#8221;15px||||false|false&#8221; custom_margin_phone=&#8221;15px||||false|false&#8221; custom_margin_last_edited=&#8221;on|phone&#8221; header_2_font_size_tablet=&#8221;28px&#8221; header_2_font_size_phone=&#8221;22px&#8221; header_2_font_size_last_edited=&#8221;on|phone&#8221; global_colors_info=&#8221;{}&#8221;]<\/p>\n<h2>BimTasks on tehty helpoksi<\/h2>\n<p>[\/et_pb_text][et_pb_text _builder_version=&#8221;4.16&#8243; _module_preset=&#8221;default&#8221; text_font=&#8221;||||||||&#8221; text_text_color=&#8221;#FFFFFF&#8221; header_2_font=&#8221;|800||on|||||&#8221; header_2_text_color=&#8221;#0079bf&#8221; header_2_font_size=&#8221;38px&#8221; header_2_letter_spacing=&#8221;4px&#8221; global_colors_info=&#8221;{}&#8221;]Usein yrityksiss\u00e4 tehd\u00e4\u00e4n paljon manuaalista ty\u00f6t\u00e4 rakennuskohteen tarkastustilanteissa k\u00e4ytt\u00e4en monimutkaisia j\u00e4rjestelmi\u00e4 tai jopa papereita tarkastamiseen ja raportointiin. BimTasks on aidosti nopea ja helppok\u00e4ytt\u00f6inen sovellus ammattik\u00e4ytt\u00f6\u00f6n. Se poistaa ep\u00e4selv\u00e4st\u00e4 k\u00e4sialasta johtuvat virheet, nopeuttaa huomattavasti tarkastamista ja my\u00f6s korjaustoimeksiantojen suorittamista.[\/et_pb_text][et_pb_text _builder_version=&#8221;4.17.1&#8243; _module_preset=&#8221;default&#8221; text_font=&#8221;||on||||||&#8221; text_text_color=&#8221;#0079bf&#8221; header_2_font=&#8221;|800||on|||||&#8221; header_2_text_color=&#8221;#0079bf&#8221; header_2_font_size=&#8221;38px&#8221; header_2_letter_spacing=&#8221;4px&#8221; use_background_color_gradient=&#8221;on&#8221; background_color_gradient_stops=&#8221;#fff 0%|#fff 100%&#8221; background_color_gradient_start=&#8221;#fff&#8221; background_color_gradient_end=&#8221;#fff&#8221; custom_padding=&#8221;2rem|2rem|2rem|2rem|true|true&#8221; global_colors_info=&#8221;{}&#8221;]<\/p>\n<p>\u201cVaivatonta ja nopeaa havaintojen tekoa tietomallipohjaisesti\u201d<br \/>\u2013 Sauli Harmanen (<span>Vastaava ty\u00f6njohtaja)<\/span><\/p>\n<p>[\/et_pb_text][\/et_pb_column][\/et_pb_row][et_pb_row _builder_version=&#8221;4.16&#8243; _module_preset=&#8221;default&#8221; use_background_color_gradient=&#8221;on&#8221; background_color_gradient_stops=&#8221;#0079bf 0%|#0079bf 100%&#8221; background_color_gradient_start=&#8221;#0079bf&#8221; background_color_gradient_end=&#8221;#0079bf&#8221; custom_padding=&#8221;|2rem|2rem|2rem|false|true&#8221; global_colors_info=&#8221;{}&#8221;][et_pb_column type=&#8221;4_4&#8243; _builder_version=&#8221;4.16&#8243; _module_preset=&#8221;default&#8221; global_colors_info=&#8221;{}&#8221;][et_pb_text _builder_version=&#8221;4.17.1&#8243; _module_preset=&#8221;default&#8221; text_font=&#8221;||||||||&#8221; text_text_color=&#8221;#FFFFFF&#8221; header_2_font=&#8221;|800||on|||||&#8221; header_2_text_color=&#8221;#0079bf&#8221; header_2_font_size=&#8221;38px&#8221; header_2_letter_spacing=&#8221;4px&#8221; global_colors_info=&#8221;{}&#8221;]<\/p>\n<p>Sovellukseen tallennetussa kohteen 3D-mallissa on kaikki tieto ja yksityiskohdat valmiina. Sinun tarvitsee vain yhdell\u00e4 klikkauksella kertoa sijaintisi ja merkit\u00e4 siihen tarkastuksessa havaitsemasi asiat.<\/p>\n<p>BIMTasks-sovellukseen on saatavana lis\u00e4tuotteena TR-mittaus, joka mahdollistaa my\u00f6s helpon sijainnin merkitsemisen, ty\u00f6turvallisuusraportit ja esimerkiksi tarvittaessa kuvien lis\u00e4\u00e4misen raportille.<\/p>\n<p>[\/et_pb_text][\/et_pb_column][\/et_pb_row][\/et_pb_section][et_pb_section fb_built=&#8221;1&#8243; custom_padding_last_edited=&#8221;on|phone&#8221; admin_label=&#8221;Partners&#8221; _builder_version=&#8221;4.17.1&#8243; background_enable_image=&#8221;off&#8221; background_position=&#8221;top_center&#8221; background_vertical_offset=&#8221;30%&#8221; custom_padding=&#8221;0rem||0rem||false|false&#8221; custom_padding_tablet=&#8221;&#8221; custom_padding_phone=&#8221;0rem||2rem||false|false&#8221; background_last_edited=&#8221;on|phone&#8221; background_position_tablet=&#8221;top_center&#8221; background_position_phone=&#8221;top_left&#8221; background_horizontal_offset_phone=&#8221;34%&#8221; global_colors_info=&#8221;{}&#8221;][et_pb_row column_structure=&#8221;2_3,1_3&#8243; use_custom_gutter=&#8221;on&#8221; gutter_width=&#8221;1&#8243; make_equal=&#8221;on&#8221; _builder_version=&#8221;4.17.1&#8243; _module_preset=&#8221;default&#8221; height=&#8221;600px&#8221; height_phone=&#8221;609px&#8221; height_last_edited=&#8221;off|phone&#8221; custom_margin=&#8221;||0px||false|false&#8221; custom_padding=&#8221;0px||0px||false|false&#8221; global_colors_info=&#8221;{}&#8221;][et_pb_column type=&#8221;2_3&#8243; _builder_version=&#8221;4.17.1&#8243; _module_preset=&#8221;default&#8221; background_enable_image=&#8221;off&#8221; global_colors_info=&#8221;{}&#8221;][et_pb_code _builder_version=&#8221;4.17.1&#8243; _module_preset=&#8221;default&#8221; background_image=&#8221;https:\/\/bimtasks.raikee.website\/wp-content\/uploads\/2022\/05\/DSC00969-5-1.jpg&#8221; min_height=&#8221;500px&#8221; min_height_tablet=&#8221;347px&#8221; min_height_phone=&#8221;283px&#8221; min_height_last_edited=&#8221;on|phone&#8221; custom_margin=&#8221;||0px||false|false&#8221; global_colors_info=&#8221;{}&#8221;][\/et_pb_code][\/et_pb_column][et_pb_column type=&#8221;1_3&#8243; _builder_version=&#8221;4.17.1&#8243; _module_preset=&#8221;default&#8221; global_colors_info=&#8221;{}&#8221;][et_pb_text _builder_version=&#8221;4.17.1&#8243; _module_preset=&#8221;default&#8221; text_text_color=&#8221;#FFFFFF&#8221; header_2_font=&#8221;|800||on|||||&#8221; header_2_text_color=&#8221;#FFFFFF&#8221; header_2_letter_spacing=&#8221;4px&#8221; use_background_color_gradient=&#8221;on&#8221; background_color_gradient_stops=&#8221;#0079bf 1%|#0079bf 100%&#8221; background_color_gradient_start=&#8221;rgba(0,0,0,0.68)&#8221; background_color_gradient_end=&#8221;rgba(0,0,0,0.68)&#8221; positioning=&#8221;absolute&#8221; position_origin_a=&#8221;center_left&#8221; horizontal_offset=&#8221;-250px&#8221; horizontal_offset_tablet=&#8221;-250px&#8221; horizontal_offset_phone=&#8221;-250px&#8221; horizontal_offset_last_edited=&#8221;on|desktop&#8221; width=&#8221;100%&#8221; max_width=&#8221;500px&#8221; custom_margin=&#8221;||||false|false&#8221; custom_margin_tablet=&#8221;|||20rem|false|false&#8221; custom_margin_phone=&#8221;4rem|||17rem|false|false&#8221; custom_margin_last_edited=&#8221;on|phone&#8221; custom_padding=&#8221;2rem|2rem|1rem|2rem|false|true&#8221; animation_style=&#8221;slide&#8221; animation_direction=&#8221;right&#8221; animation_duration=&#8221;600ms&#8221; animation_delay=&#8221;600ms&#8221; animation_intensity_slide=&#8221;2%&#8221; header_2_font_size_tablet=&#8221;26px&#8221; header_2_font_size_phone=&#8221;22px&#8221; header_2_font_size_last_edited=&#8221;on|phone&#8221; module_alignment_tablet=&#8221;center&#8221; module_alignment_last_edited=&#8221;off|desktop&#8221; global_colors_info=&#8221;{}&#8221;]<\/p>\n<h2>BimTasks sopii sinulle, jos ty\u00f6skentelet n\u00e4iden asioiden parissa:<\/h2>\n<ul>\n<li>virhe- ja puutelistat<\/li>\n<li>TR-mittaukset<\/li>\n<li>Terve Talo -mittaukset<\/li>\n<\/ul>\n<p>[\/et_pb_text][\/et_pb_column][\/et_pb_row][\/et_pb_section]<\/p>\n","protected":false},"excerpt":{"rendered":"<p>\u201cVirhe&shy;havainnosta taltiointiin 15 sekuntia\u201dVaivaton raportointi virheist\u00e4 ja puutteista s\u00e4\u00e4st\u00e4\u00e4 aikaaBIMTasks mahdollistaa virheen paikantamisen ja siit\u00e4 ilmoittamisen nopeasti. Tarkastustilanteessa kaikki mit\u00e4 tarvitset, on BIMTasks, jolla voit merkit\u00e4 havaitut virheet ja puutteet 3D-mallia apuna k\u00e4ytt\u00e4en BIMTasks on kokeneen rakennusliikkeen kehitt\u00e4m\u00e4 ja j\u00e4rjestelm\u00e4n avulla on pystytty tehostamaan tarkastuksia, havaintojen ilmoittamista, paikantamista ja korjaamista huomattavasti.BimTasks on tehty helpoksiUsein yrityksiss\u00e4 [&hellip;]<\/p>\n","protected":false},"author":3,"featured_media":0,"parent":0,"menu_order":0,"comment_status":"closed","ping_status":"closed","template":"","meta":{"_et_pb_use_builder":"on","_et_pb_old_content":"","_et_gb_content_width":"","footnotes":""},"class_list":["post-8","page","type-page","status-publish","hentry"],"_links":{"self":[{"href":"https:\/\/bimtasks.fi\/index.php?rest_route=\/wp\/v2\/pages\/8","targetHints":{"allow":["GET"]}}],"collection":[{"href":"https:\/\/bimtasks.fi\/index.php?rest_route=\/wp\/v2\/pages"}],"about":[{"href":"https:\/\/bimtasks.fi\/index.php?rest_route=\/wp\/v2\/types\/page"}],"author":[{"embeddable":true,"href":"https:\/\/bimtasks.fi\/index.php?rest_route=\/wp\/v2\/users\/3"}],"replies":[{"embeddable":true,"href":"https:\/\/bimtasks.fi\/index.php?rest_route=%2Fwp%2Fv2%2Fcomments&post=8"}],"version-history":[{"count":33,"href":"https:\/\/bimtasks.fi\/index.php?rest_route=\/wp\/v2\/pages\/8\/revisions"}],"predecessor-version":[{"id":149,"href":"https:\/\/bimtasks.fi\/index.php?rest_route=\/wp\/v2\/pages\/8\/revisions\/149"}],"wp:attachment":[{"href":"https:\/\/bimtasks.fi\/index.php?rest_route=%2Fwp%2Fv2%2Fmedia&parent=8"}],"curies":[{"name":"wp","href":"https:\/\/api.w.org\/{rel}","templated":true}]}}